{"id":180,"date":"2023-05-23T12:50:12","date_gmt":"2023-05-23T12:50:12","guid":{"rendered":"http:\/\/www.agiliza.se.gov.br\/?page_id=180"},"modified":"2026-05-08T13:35:20","modified_gmt":"2026-05-08T13:35:20","slug":"bombeiros","status":"publish","type":"page","link":"https:\/\/www.agiliza.se.gov.br\/home\/bombeiros\/","title":{"rendered":"Bombeiros"},"content":{"rendered":"","protected":false},"excerpt":{"rendered":"","protected":false},"author":1,"featured_media":0,"parent":0,"menu_order":0,"comment_status":"closed","ping_status":"closed","template":"pages\/junta-comercial.php","meta":{"footnotes":""},"class_list":["post-180","page","type-page","status-publish","hentry"],"acf":{"servicos":[{"titulo":"Servi\u00e7os do corpo de bombeiros","conteudo":"","btn":"servicos-do-corpo-de-bombeiros","parametros":"","method":"POST","mensagem_modal":"","acesso":["visivel_todos"]},{"titulo":"Credenciamento para empresa","conteudo":"","btn":"servicos-do-credenciamento-pj","parametros":"","method":"POST","mensagem_modal":"","acesso":["visivel_todos"]},{"titulo":"Credenciamento para pessoa f\u00edsica","conteudo":"","btn":"credenciamento-pessoa-fisica","parametros":"","method":"POST","mensagem_modal":"","acesso":["visivel_todos"]},{"titulo":"Denuncia","conteudo":"","btn":"cadastrar-denuncia","parametros":"","method":"POST","mensagem_modal":"","acesso":["visivel_todos"]},{"titulo":"Emiss\u00e3o do Certificado de dispensa de licenciamento para empresa","conteudo":"","btn":"https:\/\/%s.agiliza.se.gov.br\/workflow-service\/prepare\/primeiro-passo","parametros":"{'orgao':'13085','tipo_solicitacao':'17','evento':'1230','is_fluxo_legado':false}","method":"POST_JSON","mensagem_modal":"","acesso":""},{"titulo":"Emiss\u00e3o do Auto de conformidade para empresa","conteudo":"","btn":"https:\/\/%s.agiliza.se.gov.br\/workflow-service\/prepare\/primeiro-passo","parametros":"{'orgao':'13085','tipo_solicitacao':'17','evento':'1231','is_fluxo_legado':false}\r\n","method":"POST_JSON","mensagem_modal":"","acesso":""},{"titulo":"Renova\u00e7\u00e3o do Auto de conformidade para empresa","conteudo":"","btn":"https:\/\/%s.agiliza.se.gov.br\/workflow-service\/prepare\/primeiro-passo","parametros":"{'orgao':'13085','tipo_solicitacao':'9','evento':'1232','is_fluxo_legado':true}\r\n","method":"POST_JSON","mensagem_modal":"","acesso":""},{"titulo":"Emiss\u00e3o do Certificado de aprova\u00e7\u00e3o de projetos para empresa","conteudo":"","btn":"https:\/\/%s.agiliza.se.gov.br\/workflow-service\/prepare\/primeiro-passo","parametros":"{'orgao':'13085','tipo_solicitacao':'17','evento':'1229','is_fluxo_legado':false}\r\n","method":"POST_JSON","mensagem_modal":"","acesso":""},{"titulo":"Emiss\u00e3o do Certificado de aprova\u00e7\u00e3o para empresa","conteudo":"","btn":"https:\/\/%s.agiliza.se.gov.br\/workflow-service\/prepare\/primeiro-passo","parametros":"{'orgao':'13085','tipo_solicitacao':'17','evento':'1228','is_fluxo_legado':false}\r\n","method":"POST_JSON","mensagem_modal":"","acesso":""},{"titulo":"Renova\u00e7\u00e3o do Certificado de aprova\u00e7\u00e3o para empresa","conteudo":"","btn":"https:\/\/%s.agiliza.se.gov.br\/workflow-service\/prepare\/primeiro-passo","parametros":"{'orgao':'13085','tipo_solicitacao':'9','evento':'1233','is_fluxo_legado':false}\r\n","method":"POST_JSON","mensagem_modal":"","acesso":""},{"titulo":"Per\u00edcia de inc\u00eandio","conteudo":"","btn":"pericia-de-incendio","parametros":"","method":"POST","mensagem_modal":"","acesso":""},{"titulo":"Autoriza\u00e7\u00e3o de eventos tempor\u00e1rios","conteudo":"","btn":"autorizacao-de-eventos-temporarios","parametros":"","method":"POST","mensagem_modal":"","acesso":""}]},"_links":{"self":[{"href":"https:\/\/www.agiliza.se.gov.br\/home\/wp-json\/wp\/v2\/pages\/180","targetHints":{"allow":["GET"]}}],"collection":[{"href":"https:\/\/www.agiliza.se.gov.br\/home\/wp-json\/wp\/v2\/pages"}],"about":[{"href":"https:\/\/www.agiliza.se.gov.br\/home\/wp-json\/wp\/v2\/types\/page"}],"author":[{"embeddable":true,"href":"https:\/\/www.agiliza.se.gov.br\/home\/wp-json\/wp\/v2\/users\/1"}],"replies":[{"embeddable":true,"href":"https:\/\/www.agiliza.se.gov.br\/home\/wp-json\/wp\/v2\/comments?post=180"}],"version-history":[{"count":4,"href":"https:\/\/www.agiliza.se.gov.br\/home\/wp-json\/wp\/v2\/pages\/180\/revisions"}],"predecessor-version":[{"id":2847,"href":"https:\/\/www.agiliza.se.gov.br\/home\/wp-json\/wp\/v2\/pages\/180\/revisions\/2847"}],"wp:attachment":[{"href":"https:\/\/www.agiliza.se.gov.br\/home\/wp-json\/wp\/v2\/media?parent=180"}],"curies":[{"name":"wp","href":"https:\/\/api.w.org\/{rel}","templated":true}]}}